{"id":150,"date":"2014-08-24T17:14:26","date_gmt":"2014-08-24T17:14:26","guid":{"rendered":"http:\/\/192.168.1.104\/enfold-blog\/?page_id=2"},"modified":"2021-06-03T15:51:45","modified_gmt":"2021-06-03T15:51:45","slug":"about","status":"publish","type":"page","link":"https:\/\/godryhanger.com\/es\/about\/","title":{"rendered":"About"},"content":{"rendered":"<\/div><\/div><\/div><!-- close content main div --><\/div><\/div><div id='av_section_1' class='avia-section main_color avia-section-large avia-no-border-styling avia-full-stretch av-section-color-overlay-active avia-bg-style-scroll   container_wrap sidebar_right' style = 'background-repeat: no-repeat; background-image: url(https:\/\/godryhanger.com\/wp-content\/uploads\/2016\/01\/godryportada5.jpg); background-attachment: scroll; background-position: center center; ' data-section-bg-repeat='stretch' ><div class='av-section-color-overlay-wrap'><div class='av-section-color-overlay' style='opacity: 0.4; background-color: #000000; '><\/div><div class='container' ><div class='template-page content  av-content-small alpha units'><div class='post-entry post-entry-type-page post-entry-150'><div class='entry-content-wrapper clearfix'>\n<div style='padding-bottom:10px;color:#ffffff;font-size:60px;' class='av-special-heading av-special-heading-h1 custom-color-heading blockquote modern-quote modern-centered  av-inherit-size '><h1 class='av-special-heading-tag '  itemprop=\"headline\"  >Sobre Nosotros<\/h1><div class='special-heading-border'><div class='special-heading-inner-border' style='border-color:#ffffff'><\/div><\/div><\/div>\n<\/div><\/div><\/div><!-- close content main div --><\/div><\/div><\/div><div id='after_section_1' class='main_color av_default_container_wrap container_wrap sidebar_right'   ><div class='container' ><div class='template-page content  av-content-small alpha units'><div class='post-entry post-entry-type-page post-entry-150'><div class='entry-content-wrapper clearfix'>\n<\/div><\/div><\/div><!-- close content main div --><\/div><\/div><div id='av_section_2' class='avia-section main_color avia-section-default avia-no-shadow avia-bg-style-scroll   container_wrap sidebar_right'   ><div class='container' ><div class='template-page content  av-content-small alpha units'><div class='post-entry post-entry-type-page post-entry-150'><div class='entry-content-wrapper clearfix'>\n<div class=\"flex_column av_one_half  av-animated-generic bottom-to-top  flex_column_div av-zero-column-padding first  \" style='border-radius:0px; '><p><div style='padding-bottom:20px;font-size:34px;' class='av-special-heading av-special-heading-h3  blockquote modern-quote   av-inherit-size '><div class ='av-subheading av-subheading_above  ' style='font-size:15px;'><p>Perm\u00edtanos presentarnos<\/p>\n<\/div><h3 class='av-special-heading-tag '  itemprop=\"headline\"  >Unas palabras sobre nosotros<\/h3><div class='special-heading-border'><div class='special-heading-inner-border' ><\/div><\/div><\/div><br \/>\n<section class=\"av_textblock_section \"  itemscope=\"itemscope\" itemtype=\"https:\/\/schema.org\/CreativeWork\" ><div class='avia_textblock  '   itemprop=\"text\" ><p>GoDry Hanger es una empresa fundada en Espa\u00f1a en 2016.<\/p>\n<p>La idea original surgi\u00f3 de nuestra propia experiencia como furgoneteros y amantes del mar y los deportes acu\u00e1ticos.<\/p>\n<p>Al terminar cada sesi\u00f3n de surf, busc\u00e1bamos una soluci\u00f3n para colgar el traje mojado, toallas y ba\u00f1adores sin apoyarlos directamente en nuestros veh\u00edculos. Quer\u00edamos conseguir un secado m\u00e1s r\u00e1pido y evitar da\u00f1os en la pintura.<\/p>\n<p>Despu\u00e9s de un largo camino y mucho trabajo, goDry Hanger se convirti\u00f3 en una realidad y lanzamos al mercado un producto dise\u00f1ado para hacer la vida m\u00e1s f\u00e1cil a los usuarios de trajes de neopreno y a los amantes de las furgonetas y el outdoor.<\/p>\n<p>Nuestra producci\u00f3n es 100% local, lo que nos permite mantener un control directo sobre la calidad de nuestro producto. Mantenemos muy presente nuestra responsabilidad social corporativa colaborando con entidades de apoyo a personas con necesidades especiales (Ilunion).<\/p>\n<p>GoDry Hanger actualmente est\u00e1 siendo distribuido a nivel Nacional e Internacional, llegando a pa\u00edses como Francia, Inglaterra, Alemania, Portugal, Suiza, Jap\u00f3n, EEUU y damos la bienvenida a nuestros nuevos distribuidores en Australia.<\/p>\n<p>La originalidad de nuestra idea, las inmensas ganas de hacerla realidad, y la calidad en la fabricaci\u00f3n de nuestro producto es lo que nos ha tra\u00eddo hasta aqu\u00ed.<\/p>\n<p><strong>Enjoy &amp; goDry<\/strong><\/p>\n<\/div><\/section><\/p><\/div><div class=\"flex_column av_one_half  av-animated-generic bottom-to-top  flex_column_div av-zero-column-padding   \" style='border-radius:0px; '><div  data-size='gallery'  data-lightbox_size='large'  data-animation='fade'  data-ids='10666,10674,10664,10670,10676'  data-video_counter='0'  data-autoplay='true'  data-bg_slider='false'  data-slide_height=''  data-handle='av_slideshow'  data-interval='5'  data-class=' '  data-css_id=''  data-scroll_down=''  data-control_layout='av-control-default'  data-custom_markup=''  data-perma_caption=''  data-autoplay_stopper=''  data-image_attachment=''  data-min_height='0px'  data-default-height='80.94674556213'  class='avia-slideshow avia-slideshow-1  av-control-default av-default-height-applied avia-slideshow-gallery av_slideshow   avia-fade-slider '  itemprop=\"ImageObject\" itemscope=\"itemscope\" itemtype=\"https:\/\/schema.org\/ImageObject\" ><ul class='avia-slideshow-inner' style='padding-bottom: 80.94674556213%;'><li  class=' slide-1 ' ><div data-rel='slideshow-1' class='avia-slide-wrap'  ><img src='https:\/\/godryhanger.com\/wp-content\/uploads\/2021\/06\/N36A7809-845x684.jpg' width='845' height='684' title='N36A7809' alt=''  itemprop=\"thumbnailUrl\"   \/><\/div><\/li><li  class=' slide-2 ' ><div data-rel='slideshow-1' class='avia-slide-wrap'  ><img src='https:\/\/godryhanger.com\/wp-content\/uploads\/2021\/06\/IMG_4224-845x684.jpg' width='845' height='684' title='IMG_4224' alt=''  itemprop=\"thumbnailUrl\"   \/><\/div><\/li><li  class=' slide-3 ' ><div data-rel='slideshow-1' class='avia-slide-wrap'  ><img src='https:\/\/godryhanger.com\/wp-content\/uploads\/2021\/06\/N36A7583-845x684.jpg' width='845' height='684' title='N36A7583' alt=''  itemprop=\"thumbnailUrl\"   \/><\/div><\/li><li  class=' slide-4 ' ><div data-rel='slideshow-1' class='avia-slide-wrap'  ><img src='https:\/\/godryhanger.com\/wp-content\/uploads\/2021\/06\/N36A7908-845x684.jpg' width='845' height='684' title='N36A7908' alt=''  itemprop=\"thumbnailUrl\"   \/><\/div><\/li><li  class=' slide-5 ' ><div data-rel='slideshow-1' class='avia-slide-wrap'  ><img src='https:\/\/godryhanger.com\/wp-content\/uploads\/2021\/06\/DSC_2001-845x684.jpg' width='845' height='684' title='DSC_2001' alt=''  itemprop=\"thumbnailUrl\"   \/><\/div><\/li><\/ul><div class='avia-slideshow-arrows avia-slideshow-controls'><a href='#prev' class='prev-slide' aria-hidden='true' data-av_icon='\ue87c' data-av_iconfont='entypo-fontello'>Anterior<\/a><a href='#next' class='next-slide' aria-hidden='true' data-av_icon='\ue87d' data-av_iconfont='entypo-fontello'>Posterior<\/a><\/div><div class='avia-slideshow-dots avia-slideshow-controls'><a href='#1' class='goto-slide active' >1<\/a><a href='#2' class='goto-slide ' >2<\/a><a href='#3' class='goto-slide ' >3<\/a><a href='#4' class='goto-slide ' >4<\/a><a href='#5' class='goto-slide ' >5<\/a><\/div><\/div><\/div><\/div><\/div><\/div><!-- close content main div --><\/div><\/div><div id='after_section_2' class='main_color av_default_container_wrap container_wrap sidebar_right'   ><div class='container' ><div class='template-page content  av-content-small alpha units'><div class='post-entry post-entry-type-page post-entry-150'><div class='entry-content-wrapper clearfix'>\n","protected":false},"excerpt":{"rendered":"","protected":false},"author":49,"featured_media":0,"parent":0,"menu_order":0,"comment_status":"closed","ping_status":"closed","template":"","meta":{"footnotes":""},"class_list":["post-150","page","type-page","status-publish","hentry"],"_links":{"self":[{"href":"https:\/\/godryhanger.com\/es\/wp-json\/wp\/v2\/pages\/150","targetHints":{"allow":["GET"]}}],"collection":[{"href":"https:\/\/godryhanger.com\/es\/wp-json\/wp\/v2\/pages"}],"about":[{"href":"https:\/\/godryhanger.com\/es\/wp-json\/wp\/v2\/types\/page"}],"author":[{"embeddable":true,"href":"https:\/\/godryhanger.com\/es\/wp-json\/wp\/v2\/users\/49"}],"replies":[{"embeddable":true,"href":"https:\/\/godryhanger.com\/es\/wp-json\/wp\/v2\/comments?post=150"}],"version-history":[{"count":11,"href":"https:\/\/godryhanger.com\/es\/wp-json\/wp\/v2\/pages\/150\/revisions"}],"predecessor-version":[{"id":10680,"href":"https:\/\/godryhanger.com\/es\/wp-json\/wp\/v2\/pages\/150\/revisions\/10680"}],"wp:attachment":[{"href":"https:\/\/godryhanger.com\/es\/wp-json\/wp\/v2\/media?parent=150"}],"curies":[{"name":"wp","href":"https:\/\/api.w.org\/{rel}","templated":true}]}}