{"id":9852,"date":"2018-08-16T16:11:15","date_gmt":"2018-08-16T16:11:15","guid":{"rendered":"https:\/\/godryhanger.com\/?page_id=9852"},"modified":"2021-03-30T17:32:31","modified_gmt":"2021-03-30T17:32:31","slug":"how-to-run","status":"publish","type":"page","link":"https:\/\/godryhanger.com\/es\/how-to-run\/","title":{"rendered":"How to run"},"content":{"rendered":"<\/div><\/div><\/div><!-- close content main div --><\/div><\/div><div id='av_section_1' class='avia-section main_color avia-section-large avia-no-border-styling avia-full-stretch av-section-color-overlay-active avia-bg-style-scroll   container_wrap sidebar_right' style = 'background-repeat: no-repeat; background-image: url(https:\/\/godryhanger.com\/wp-content\/uploads\/2016\/01\/n36a7770.jpg); background-attachment: scroll; background-position: center center; ' data-section-bg-repeat='stretch' ><div class='av-section-color-overlay-wrap'><div class='av-section-color-overlay' style='opacity: 0.4; background-color: #000000; '><\/div><div class='container' ><div class='template-page content  av-content-small alpha units'><div class='post-entry post-entry-type-page post-entry-9852'><div class='entry-content-wrapper clearfix'>\n<div style='padding-bottom:10px;color:#ffffff;font-size:60px;' class='av-special-heading av-special-heading-h1 custom-color-heading blockquote modern-quote modern-centered  av-inherit-size '><h1 class='av-special-heading-tag '  itemprop=\"headline\"  >C\u00f3mo funciona<\/h1><div class='special-heading-border'><div class='special-heading-inner-border' style='border-color:#ffffff'><\/div><\/div><\/div>\n<\/div><\/div><\/div><!-- close content main div --><\/div><\/div><\/div><div id='after_section_1' class='main_color av_default_container_wrap container_wrap sidebar_right'   ><div class='container' ><div class='template-page content  av-content-small alpha units'><div class='post-entry post-entry-type-page post-entry-9852'><div class='entry-content-wrapper clearfix'><\/div><\/div><\/div><!-- close content main div --><\/div><\/div><div id='av_section_2' class='avia-section main_color avia-section-default avia-no-shadow avia-bg-style-scroll   container_wrap sidebar_right'   ><div class='container' ><div class='template-page content  av-content-small alpha units'><div class='post-entry post-entry-type-page post-entry-9852'><div class='entry-content-wrapper clearfix'>\n<div class=\"flex_column av_one_half  av-animated-generic bottom-to-top  flex_column_div av-zero-column-padding first  \" style='border-radius:0px; '><p><div style='padding-bottom:20px;font-size:34px;' class='av-special-heading av-special-heading-h3  blockquote modern-quote  av-inherit-size '><div class ='av-subheading av-subheading_above  ' style='font-size:15px;'><p>Manual de uso<\/p>\n<\/div><h3 class='av-special-heading-tag '  itemprop=\"headline\"  >Qu\u00e9 mejor que ver un video<\/h3><div class='special-heading-border'><div class='special-heading-inner-border' ><\/div><\/div><\/div><br \/>\n<section class=\"av_textblock_section \"  itemscope=\"itemscope\" itemtype=\"https:\/\/schema.org\/CreativeWork\" ><div class='avia_textblock  '   itemprop=\"text\" ><p>Para que veas lo f\u00e1cil que es montar y usar goDry Hanger hemos pensado que lo mejor es crear un v\u00eddeo explicativo para que te sirva de referencia.<\/p>\n<p>Lo primero que tienes que hacer es unir las ventosas a la barra en la posici\u00f3n correcta, oir\u00e1s un \u201cclick\u201d cuando est\u00e9n bien unidas.<\/p>\n<p>Aprieta firmemente el goDry contra la superficie a pegar y pulsa los botones \u201cPRESS\u201d con fuerza. Sube los gatillos de seguridad hacia arriba y ya est\u00e1 listo para ser usado.<\/p>\n<p>Recuerda que puedes desmontar tu goDry Hanger para un f\u00e1cil guardado, ocupa muy poco espacio.<\/p>\n<p>Dispones tambi\u00e9n de instrucciones en el exterior del paquete as\u00ed como en el manual que encontrar\u00e1s en el interior de cada producto.<\/p>\n<p><strong>Enjoy &amp; goDry<\/strong><\/p>\n<\/div><\/section><\/p><\/div><div class=\"flex_column av_one_half  av-animated-generic bottom-to-top  flex_column_div av-zero-column-padding   \" style='border-radius:0px; '><div  class='avia-video avia-video-16-9   '  itemprop=\"video\" itemtype=\"https:\/\/schema.org\/VideoObject\" ><div class='avia-iframe-wrap'><iframe loading=\"lazy\" title=\"Godry Hanger: The Universal Hanger\" width=\"1500\" height=\"844\" src=\"https:\/\/www.youtube.com\/embed\/hIBMZ2FXJ80?feature=oembed\" frameborder=\"0\" allow=\"accelerometer; autoplay; clipboard-write; encrypted-media; gyroscope; picture-in-picture\" allowfullscreen><\/iframe><\/div><\/div><\/div><\/div><\/div><\/div><!-- close content main div --><\/div><\/div><div id='after_section_2' class='main_color av_default_container_wrap container_wrap sidebar_right'   ><div class='container' ><div class='template-page content  av-content-small alpha units'><div class='post-entry post-entry-type-page post-entry-9852'><div class='entry-content-wrapper clearfix'><\/p>\n","protected":false},"excerpt":{"rendered":"","protected":false},"author":49,"featured_media":0,"parent":0,"menu_order":0,"comment_status":"open","ping_status":"closed","template":"","meta":{"footnotes":""},"class_list":["post-9852","page","type-page","status-publish","hentry"],"_links":{"self":[{"href":"https:\/\/godryhanger.com\/es\/wp-json\/wp\/v2\/pages\/9852","targetHints":{"allow":["GET"]}}],"collection":[{"href":"https:\/\/godryhanger.com\/es\/wp-json\/wp\/v2\/pages"}],"about":[{"href":"https:\/\/godryhanger.com\/es\/wp-json\/wp\/v2\/types\/page"}],"author":[{"embeddable":true,"href":"https:\/\/godryhanger.com\/es\/wp-json\/wp\/v2\/users\/49"}],"replies":[{"embeddable":true,"href":"https:\/\/godryhanger.com\/es\/wp-json\/wp\/v2\/comments?post=9852"}],"version-history":[{"count":8,"href":"https:\/\/godryhanger.com\/es\/wp-json\/wp\/v2\/pages\/9852\/revisions"}],"predecessor-version":[{"id":10641,"href":"https:\/\/godryhanger.com\/es\/wp-json\/wp\/v2\/pages\/9852\/revisions\/10641"}],"wp:attachment":[{"href":"https:\/\/godryhanger.com\/es\/wp-json\/wp\/v2\/media?parent=9852"}],"curies":[{"name":"wp","href":"https:\/\/api.w.org\/{rel}","templated":true}]}}