{"id":9753,"date":"2018-08-15T18:41:51","date_gmt":"2018-08-15T18:41:51","guid":{"rendered":"https:\/\/godryhanger.com\/?post_type=product&#038;p=9753"},"modified":"2022-06-30T11:53:42","modified_gmt":"2022-06-30T11:53:42","slug":"godryhanger","status":"publish","type":"product","link":"https:\/\/godryhanger.com\/es\/producto\/godryhanger\/","title":{"rendered":"goDryHanger"},"content":{"rendered":"<p><strong>*Los ganchos en S no est\u00e1n disponibles en Australia hasta pr\u00f3ximo aviso.<\/strong><\/p>\n<p><strong>SECADO DE TRAJES DE NEOPRENO Y PRENDAS HUMEDAS<\/strong> &#8211; Con goDry Hanger el neopreno queda suspendido en el aire y correctamente doblado, evitando las deformaciones que producen las perchas convencionales y permitiendo un secado perfecto y r\u00e1pido.<\/p>\n<p><strong>PROTECCI\u00d3N DEL VEH\u00cdCULO<\/strong> &#8211; Dise\u00f1ado para que las prendas no toquen la carrocer\u00eda del veh\u00edculo y as\u00ed evitar la corrosi\u00f3n y el \u00f3xido producidos por el agua salada. Se acab\u00f3 colgar cosas encima de las puertas y retrovisores.<\/p>\n<p><strong>ACCESORIO MULTIUSOS<\/strong>&#8211; Incluye 4 ganchos en forma de S para que puedas colgar todo tipo de objetos. Prendas, art\u00edculos de camping o accesorios como escarpines, guantes y capuchas. Compacto y ligero, es el complemento perfecto para viajeros y amantes del camping.<\/p>\n<p><strong>COLGADOR UNIVERSAL<\/strong> \u2013 V\u00e1lido para su uso en interior y exterior, sus ventosas de succi\u00f3n especiales se adaptan a cualquier superficie lisa no porosa como metal, cristal, azulejos, pl\u00e1sticos\u2026Perfecto para su uso en el hogar y en embarcaciones n\u00e1uticas.<\/p>\n<p>F\u00e1cil transporte: Ocupa poco espacio y es ligero para viajeros con mochila.<\/p>\n<p><strong>ESPECIFICACIONES<\/strong><\/p>\n<p><strong>CONTENIDO DEL PRODUCTO<\/strong> \u2013 2 ventosas de succi\u00f3n, 1 barra , 4 ganchos, 1 pegatina Godry, 1 manual de instrucciones.<\/p>\n<p><strong>FABRICADO EN PL\u00c1STICO. PACKAGING DE CARTON RECICLABLE.<\/strong><\/p>\n<table width=\"100%\">\n<thead>\n<tr>\n<th>Dimensiones<\/th>\n<th>Peso<\/th>\n<th>Dimensiones asa<\/th>\n<th>Dimensiones ventosa<\/th>\n<\/tr>\n<\/thead>\n<tbody>\n<tr>\n<td>52 x 25 x 5 cm<\/td>\n<td>650 gr<\/td>\n<td>45 x 21 cm<\/td>\n<td>4,6 cm altura y 9 cm de di\u00e1metro<\/td>\n<\/tr>\n<tr>\n<td colspan=\"4\"><strong>Fabricado en\u00a0EU<\/strong><\/td>\n<\/tr>\n<\/tbody>\n<\/table>\n<p><em><strong>Recuerda que goDry Hanger esta disponible para particulares o empresas<\/strong><\/em><\/p>\n","protected":false},"excerpt":{"rendered":"<p><strong>*Los ganchos en S no est\u00e1n disponibles en Australia hasta pr\u00f3ximo aviso.<\/strong><\/p>\n<p>Colgador multiusos \/ tendedero \u00a0de prendas port\u00e1til. Para su uso en furgonetas camper, caravanas y otros veh\u00edculos. Funciona con ventosas de succi\u00f3n.<\/p>\n<p>Especialmente dise\u00f1ado para colgar y secar trajes de neopreno, prendas deportivas y accesorios de camping.<\/p>\n","protected":false},"featured_media":10547,"comment_status":"closed","ping_status":"closed","template":"","meta":[],"product_brand":[],"product_cat":[34],"product_tag":[36],"class_list":{"0":"post-9753","1":"product","2":"type-product","3":"status-publish","4":"has-post-thumbnail","6":"product_cat-particulares","7":"product_tag-godryhanger","9":"first","10":"instock","11":"taxable","12":"shipping-taxable","13":"purchasable","14":"product-type-variable","15":"has-default-attributes"},"_links":{"self":[{"href":"https:\/\/godryhanger.com\/es\/wp-json\/wp\/v2\/product\/9753","targetHints":{"allow":["GET"]}}],"collection":[{"href":"https:\/\/godryhanger.com\/es\/wp-json\/wp\/v2\/product"}],"about":[{"href":"https:\/\/godryhanger.com\/es\/wp-json\/wp\/v2\/types\/product"}],"replies":[{"embeddable":true,"href":"https:\/\/godryhanger.com\/es\/wp-json\/wp\/v2\/comments?post=9753"}],"wp:featuredmedia":[{"embeddable":true,"href":"https:\/\/godryhanger.com\/es\/wp-json\/wp\/v2\/media\/10547"}],"wp:attachment":[{"href":"https:\/\/godryhanger.com\/es\/wp-json\/wp\/v2\/media?parent=9753"}],"wp:term":[{"taxonomy":"product_brand","embeddable":true,"href":"https:\/\/godryhanger.com\/es\/wp-json\/wp\/v2\/product_brand?post=9753"},{"taxonomy":"product_cat","embeddable":true,"href":"https:\/\/godryhanger.com\/es\/wp-json\/wp\/v2\/product_cat?post=9753"},{"taxonomy":"product_tag","embeddable":true,"href":"https:\/\/godryhanger.com\/es\/wp-json\/wp\/v2\/product_tag?post=9753"}],"curies":[{"name":"wp","href":"https:\/\/api.w.org\/{rel}","templated":true}]}}